{"id":2704,"date":"2023-03-27T15:49:08","date_gmt":"2023-03-27T15:49:08","guid":{"rendered":"https:\/\/beta.pegasinet.com\/pt\/?page_id=2704"},"modified":"2023-03-27T16:49:11","modified_gmt":"2023-03-27T16:49:11","slug":"financiamento-projetos","status":"publish","type":"page","link":"https:\/\/www.pegasi.pt\/pt\/financiamento-projetos\/","title":{"rendered":"Financiamentos"},"content":{"rendered":"<section class=\"wpb-content-wrapper\"><p>[vc_row][vc_column width=&#8221;1\/6&#8243;][\/vc_column][vc_column width=&#8221;2\/3&#8243;]<ul class=\"iconlist iconlist iconlist-icon-medium aligncenter\"><li><div ><div class=\"iconlist-item-icon\"><img decoding=\"async\" src=\"https:\/\/www.pegasi.pt\/pt\/wp-content\/uploads\/2023\/03\/POCentro_PT2020_FEDER_Bom.png\" alt=\"POCentro_PT2020_FEDER_Bom\" \/><\/div><div class=\"iconlist-item-content\"><p style=\"text-align: left\"><strong>Designa\u00e7\u00e3o do projeto:<\/strong> NomaVoy \u2013 Nomad Voyager ( <a class=\"_ps2id\" href=\"https:\/\/nomavoy.com\" target=\"_new\" data-ps2id-offset=\"\" rel=\"noopener\">https:\/\/nomavoy.com<\/a> )<br \/><strong>C\u00f3digo do projeto:<\/strong> CENTRO-01-0247-FEDER-072632<br \/><strong>Objetivo principal:<\/strong> Refor\u00e7ar a investiga\u00e7\u00e3o, o desenvolvimento tecnol\u00f3gico e a inova\u00e7\u00e3o.<br \/><strong>Regi\u00e3o de interven\u00e7\u00e3o:<\/strong> Centro<br \/><strong>Entidade benefici\u00e1ria:<\/strong> PEGASI &#8211; SERVI\u00c7OS E CONSULTADORIA, SOCIEDADE UNIPESSOAL, LDA<br \/>UNIVERSIDADE DA BEIRA INTERIOR<br \/><strong>Data de aprova\u00e7\u00e3o:<\/strong> 18-03-2021<br \/><strong>Data de in\u00edcio:<\/strong> 01-04-2021<br \/><strong>Data de conclus\u00e3o:<\/strong> 30-06-2023<br \/><strong>Custo eleg\u00edvel:<\/strong> 855.410,06\u20ac | <strong>PEGASI<\/strong> &#8211; 573.518,50\u20ac | <strong>UBI<\/strong> &#8211; 281.891,56\u20ac<br \/><strong>Apoio financeiro da Uni\u00e3o Europeia \u2013 FEDER:<\/strong> 636.519,90\u20ac | <strong>PEGASI<\/strong> &#8211; 425.101,23\u20ac; <strong>UBI<\/strong> &#8211; 211.418,67\u20ac<\/p><p style=\"text-align: left\">O projeto NomaVoy tem como objetivo o desenvolvimento uma plataforma de cross e up sell de servi\u00e7os e produtos, onde se incluem alojamentos, transportes, eventos, restaurantes e produtos regionais, aumentando a cadeia de valor entre os intervenientes da cada \u00e1rea e promovendo assim atividades que correspondam ao perfil do utilizador, em fun\u00e7\u00e3o do seu perfil e localiza\u00e7\u00e3o.<\/p><p><\/div><\/div><\/li><\/ul>[vc_empty_space height=&#8221;40px&#8221;][\/vc_column][vc_column width=&#8221;1\/6&#8243;][\/vc_column][\/vc_row][vc_row disable_element=&#8221;yes&#8221; css=&#8221;.vc_custom_1679934927230{padding-bottom: 80px !important;}&#8221;][vc_column width=&#8221;1\/12&#8243;][\/vc_column][vc_column width=&#8221;5\/6&#8243;]\n<div class=\"wpcf7 no-js\" id=\"wpcf7-f355-o1\" lang=\"en-US\" dir=\"ltr\" data-wpcf7-id=\"355\">\n<div class=\"screen-reader-response\"><p role=\"status\" aria-live=\"polite\" aria-atomic=\"true\"><\/p> <ul><\/ul><\/div>\n<form action=\"\/pt\/wp-json\/wp\/v2\/pages\/2704#wpcf7-f355-o1\" method=\"post\" class=\"wpcf7-form init\" aria-label=\"Contact form\" novalidate=\"novalidate\" data-status=\"init\">\n<div style=\"display: none;\">\n<input type=\"hidden\" name=\"_wpcf7\" value=\"355\" \/>\n<input type=\"hidden\" name=\"_wpcf7_version\" value=\"6.0.6\" \/>\n<input type=\"hidden\" name=\"_wpcf7_locale\" value=\"en_US\" \/>\n<input type=\"hidden\" name=\"_wpcf7_unit_tag\" value=\"wpcf7-f355-o1\" \/>\n<input type=\"hidden\" name=\"_wpcf7_container_post\" value=\"0\" \/>\n<input type=\"hidden\" name=\"_wpcf7_posted_data_hash\" value=\"\" \/>\n<\/div>\n<div class=\"contact style3\">\n\t<div class=\"row\">\n\t\t<div class=\"columns columns-6\">\n\t\t\t<p><span class=\"wpcf7-form-control-wrap\" data-name=\"text-663\"><input size=\"40\" maxlength=\"400\" class=\"wpcf7-form-control wpcf7-text wpcf7-validates-as-required\" aria-required=\"true\" aria-invalid=\"false\" placeholder=\"Nome *\" value=\"\" type=\"text\" name=\"text-663\" \/><\/span>\n\t\t\t<\/p>\n\t\t<\/div>\n\t\t<div class=\"columns columns-6\">\n\t\t\t<p><span class=\"wpcf7-form-control-wrap\" data-name=\"email-889\"><input size=\"40\" maxlength=\"400\" class=\"wpcf7-form-control wpcf7-email wpcf7-validates-as-required wpcf7-text wpcf7-validates-as-email\" aria-required=\"true\" aria-invalid=\"false\" placeholder=\"Mail *\" value=\"\" type=\"email\" name=\"email-889\" \/><\/span>\n\t\t\t<\/p>\n\t\t<\/div>\n\t<\/div>\n\t<div class=\"row\">\n\t\t<div class=\"columns columns-6\">\n\t\t\t<p><span class=\"wpcf7-form-control-wrap\" data-name=\"tel-916\"><input size=\"40\" maxlength=\"400\" class=\"wpcf7-form-control wpcf7-tel wpcf7-validates-as-required wpcf7-text wpcf7-validates-as-tel\" aria-required=\"true\" aria-invalid=\"false\" placeholder=\"Telem\u00f3vel *\" value=\"\" type=\"tel\" name=\"tel-916\" \/><\/span>\n\t\t\t<\/p>\n\t\t<\/div>\n\t\t<div class=\"columns columns-6\">\n\t\t\t<p><span class=\"wpcf7-form-control-wrap\" data-name=\"text-52\"><input size=\"40\" maxlength=\"400\" class=\"wpcf7-form-control wpcf7-text wpcf7-validates-as-required\" aria-required=\"true\" aria-invalid=\"false\" placeholder=\"Empresa *\" value=\"\" type=\"text\" name=\"text-52\" \/><\/span>\n\t\t\t<\/p>\n\t\t<\/div>\n\t<\/div>\n\t<div class=\"row\">\n\t\t<div class=\"columns columns-12\">\n\t\t\t<p><span class=\"wpcf7-form-control-wrap\" data-name=\"menu-655\"><select class=\"wpcf7-form-control wpcf7-select\" aria-invalid=\"false\" name=\"menu-655\"><option value=\"Quais as suas necessidades de TI? *\">Quais as suas necessidades de TI? *<\/option><option value=\"Servi\u00e7os de IT Geridos\">Servi\u00e7os de IT Geridos<\/option><option value=\"Servi\u00e7os de Ciberseguran\u00e7a\">Servi\u00e7os de Ciberseguran\u00e7a<\/option><option value=\"Servi\u00e7os de Suporte de TI\">Servi\u00e7os de Suporte de TI<\/option><option value=\"Cloud Computing \/ Hosting\">Cloud Computing \/ Hosting<\/option><option value=\"Consultoria TI\">Consultoria TI<\/option><\/select><\/span>\n\t\t\t<\/p>\n\t\t<\/div>\n\t<\/div>\n\t<div class=\"row\">\n\t\t<div class=\"columns columns-7\">\n\t\t\t<p><span class=\"wpcf7-form-control-wrap\" data-name=\"acceptance-57\"><span class=\"wpcf7-form-control wpcf7-acceptance\"><span class=\"wpcf7-list-item\"><label><input type=\"checkbox\" name=\"acceptance-57\" value=\"1\" aria-invalid=\"false\" \/><span class=\"wpcf7-list-item-label\">Aceito os termos de privacidade<\/span><\/label><\/span><\/span><\/span>\n\t\t\t<\/p>\n\t\t<\/div>\n\t\t<div class=\"columns columns-5\">\n\t\t\t<p><input class=\"wpcf7-form-control wpcf7-submit has-spinner button full primary\" type=\"submit\" value=\"Submit\" \/>\n\t\t\t<\/p>\n\t\t<\/div>\n\t<\/div>\n<\/div><div class=\"wpcf7-response-output\" aria-hidden=\"true\"><\/div>\n<\/form>\n<\/div>\n[vc_empty_space height=&#8221;40px&#8221;][\/vc_column][vc_column width=&#8221;1\/12&#8243;][\/vc_column][\/vc_row][vc_row][vc_column][vc_separator color=&#8221;custom&#8221; accent_color=&#8221;rgba(35,24,52,0.15)&#8221;][\/vc_column][\/vc_row][vc_row full_width=&#8221;stretch_row_content_no_spaces&#8221; disable_element=&#8221;yes&#8221;][vc_column][vc_toggle title=&#8221;Click here to find us on the map&#8221; style=&#8221;text_only&#8221; size=&#8221;lg&#8221;][locations style=&#8221;blue-warter&#8221; zoomlevel=&#8221;12&#8243; zoomable=&#8221;no&#8221; height=&#8221;450&#8243; locations=&#8221;%5B%7B%22address%22%3A%221270%20Beverley%20Rd%20Brooklyn%2C%20New%20York%2011226%20United%20States%22%2C%22content%22%3A%221270%20Beverley%20Rd%20Brooklyn%2C%20New%20York%2011226%20United%20States%22%7D%5D&#8221;][\/vc_toggle][\/vc_column][\/vc_row]<\/p>\n<\/section>","protected":false},"excerpt":{"rendered":"<p>[vc_row][vc_column width=&#8221;1\/6&#8243;][\/vc_column][vc_column width=&#8221;2\/3&#8243;][vc_empty_space height=&#8221;40px&#8221;][\/vc_column][vc_column width=&#8221;1\/6&#8243;][\/vc_column][\/vc_row][vc_row disable_element=&#8221;yes&#8221; css=&#8221;.vc_custom_1679934927230{padding-bottom: 80px !important;}&#8221;][vc_column width=&#8221;1\/12&#8243;][\/vc_column][vc_column width=&#8221;5\/6&#8243;][vc_empty_space height=&#8221;40px&#8221;][\/vc_column][vc_column width=&#8221;1\/12&#8243;][\/vc_column][\/vc_row][vc_row][vc_column][vc_separator color=&#8221;custom&#8221; accent_color=&#8221;rgba(35,24,52,0.15)&#8221;][\/vc_column][\/vc_row][vc_row full_width=&#8221;stretch_row_content_no_spaces&#8221; disable_element=&#8221;yes&#8221;][vc_column][vc_toggle title=&#8221;Click here to find us on the map&#8221; style=&#8221;text_only&#8221; size=&#8221;lg&#8221;][locations style=&#8221;blue-warter&#8221; zoomlevel=&#8221;12&#8243; zoomable=&#8221;no&#8221; height=&#8221;450&#8243; locations=&#8221;%5B%7B%22address%22%3A%221270%20Beverley%20Rd%20Brooklyn%2C%20New%20York%2011226%20United%20States%22%2C%22content%22%3A%221270%20Beverley%20Rd%20Brooklyn%2C%20New%20York%2011226%20United%20States%22%7D%5D&#8221;][\/vc_toggle][\/vc_column][\/vc_row]<\/p>\n","protected":false},"author":1,"featured_media":0,"parent":0,"menu_order":0,"comment_status":"closed","ping_status":"closed","template":"","meta":{"footnotes":""},"class_list":["post-2704","page","type-page","status-publish","hentry"],"acf":[],"_links":{"self":[{"href":"https:\/\/www.pegasi.pt\/pt\/wp-json\/wp\/v2\/pages\/2704","targetHints":{"allow":["GET"]}}],"collection":[{"href":"https:\/\/www.pegasi.pt\/pt\/wp-json\/wp\/v2\/pages"}],"about":[{"href":"https:\/\/www.pegasi.pt\/pt\/wp-json\/wp\/v2\/types\/page"}],"author":[{"embeddable":true,"href":"https:\/\/www.pegasi.pt\/pt\/wp-json\/wp\/v2\/users\/1"}],"replies":[{"embeddable":true,"href":"https:\/\/www.pegasi.pt\/pt\/wp-json\/wp\/v2\/comments?post=2704"}],"version-history":[{"count":18,"href":"https:\/\/www.pegasi.pt\/pt\/wp-json\/wp\/v2\/pages\/2704\/revisions"}],"predecessor-version":[{"id":2723,"href":"https:\/\/www.pegasi.pt\/pt\/wp-json\/wp\/v2\/pages\/2704\/revisions\/2723"}],"wp:attachment":[{"href":"https:\/\/www.pegasi.pt\/pt\/wp-json\/wp\/v2\/media?parent=2704"}],"curies":[{"name":"wp","href":"https:\/\/api.w.org\/{rel}","templated":true}]}}