{"id":697,"date":"2018-08-08T09:56:41","date_gmt":"2018-08-08T09:56:41","guid":{"rendered":"https:\/\/beta.pegasinet.com\/pt\/?page_id=697"},"modified":"2023-03-24T11:28:38","modified_gmt":"2023-03-24T11:28:38","slug":"suporte","status":"publish","type":"page","link":"https:\/\/www.pegasi.pt\/pt\/suporte\/","title":{"rendered":"Suporte"},"content":{"rendered":"<section class=\"wpb-content-wrapper\"><p>[vc_section css=&#8221;.vc_custom_1575626238005{background: #000000 url(https:\/\/beta.pegasinet.com\/pt\/wp-content\/uploads\/2018\/08\/pattern.svg?id=895) !important;}&#8221;][vc_row css=&#8221;.vc_custom_1575626246128{padding-top: 80px !important;padding-bottom: 80px !important;background-color: rgba(130,181,65,0.94) !important;*background-color: rgb(130,181,65) !important;}&#8221;][vc_column width=&#8221;1\/6&#8243;][\/vc_column][vc_column width=&#8221;2\/3&#8243;][vc_icon type=&#8221;entypo&#8221; icon_entypo=&#8221;entypo-icon entypo-icon-chat&#8221; color=&#8221;white&#8221; size=&#8221;xl&#8221; align=&#8221;center&#8221;][vc_row_inner][vc_column_inner width=&#8221;1\/6&#8243;][\/vc_column_inner][vc_column_inner width=&#8221;2\/3&#8243;][vc_custom_heading text=&#8221;NECESSITA DE SUPORTE PONTUAL?&#8221; font_container=&#8221;tag:h1|text_align:center|color:%23ffffff&#8221; use_theme_fonts=&#8221;yes&#8221; el_class=&#8221;text-shadow&#8221;][vc_empty_space height=&#8221;10px&#8221;][vc_custom_heading text=&#8221;Se procura apoio pontual n\u00e3o hesite em contactar. Analisaremos de imediato as suas necessidades.&#8221; font_container=&#8221;tag:div|text_align:center|color:rgba(255%2C255%2C255%2C0.9)&#8221; use_theme_fonts=&#8221;yes&#8221;][\/vc_column_inner][vc_column_inner width=&#8221;1\/6&#8243;][\/vc_column_inner][\/vc_row_inner][vc_empty_space height=&#8221;40px&#8221;][vc_wp_search el_class=&#8221;faq&#8221;][vc_empty_space height=&#8221;30px&#8221;][vc_custom_heading text=&#8221;Ligue para o +351 275 002 305 ou envie-nos um email para suporte@pegasi.pt&#8221; font_container=&#8221;tag:div|font_size:14px|text_align:center|color:rgba(255%2C255%2C255%2C0.9)&#8221; use_theme_fonts=&#8221;yes&#8221; link=&#8221;url:https%3A%2F%2Fbeta.pegasinet.com%2Fpt%2Fcontacto%2F|title:Contactos&#8221;][\/vc_column][vc_column width=&#8221;1\/6&#8243;][\/vc_column][\/vc_row][\/vc_section][vc_row css=&#8221;.vc_custom_1575626250952{padding-top: 80px !important;padding-bottom: 80px !important;}&#8221;][vc_column][vc_custom_heading text=&#8221;TOP 10 PERGUNTAS FREQUENTES&#8221; font_container=&#8221;tag:h2|text_align:center&#8221; use_theme_fonts=&#8221;yes&#8221;][vc_empty_space height=&#8221;60px&#8221;][vc_row_inner][vc_column_inner width=&#8221;1\/2&#8243;][vc_toggle title=&#8221;Os antiv\u00edrus gratuitos s\u00e3o bons?&#8221;]Antes de mais, nunca deve prescindir de prote\u00e7\u00e3o de seguran\u00e7a no seu computador. Os antiv\u00edrus gratuitos apresentam taxas de dete\u00e7\u00e3o muito baixas. Contacte-nos e teremos todo o prazer em inform\u00e1-lo sobre o mais recente software de seguran\u00e7a que recomendamos e vendemos a todos os nossos clientes para prote\u00e7\u00e3o contra spyware, malware e v\u00edrus.[\/vc_toggle][vc_toggle title=&#8221;O que s\u00e3o exatamente os Servi\u00e7os de TI Geridos?&#8221;]Os Servi\u00e7os de Gest\u00e3o de TI s\u00e3o um conjunto de servi\u00e7os que s\u00e3o fornecidos por uma empresa de servi\u00e7os de TI para gerir e manter a infraestrutura de TI de uma empresa. Esses servi\u00e7os s\u00e3o geralmente fornecidos atrav\u00e9s de um contrato de servi\u00e7o que define as responsabilidades do prestador de servi\u00e7os e do cliente.<\/p>\n<p>Os Servi\u00e7os de TI Geridos incluem geralmente a monitoriza\u00e7\u00e3o e gest\u00e3o de sistemas, servidores, redes, equipamentos de armazenamento, seguran\u00e7a da informa\u00e7\u00e3o e outros componentes de TI. Os servi\u00e7os tamb\u00e9m podem incluir suporte t\u00e9cnico e assist\u00eancia aos utilizadores, planeamento e implementa\u00e7\u00e3o de projetos de TI, backup e recupera\u00e7\u00e3o de dados, e garantia de conformidade com as regulamenta\u00e7\u00f5es e normas de seguran\u00e7a.<\/p>\n<p>Ao optar pelos Servi\u00e7os de TI Geridos, as empresas podem ter a certeza de que a sua infraestrutura de TI est\u00e1 a ser gerida de forma eficiente e eficaz, o que pode levar a uma redu\u00e7\u00e3o de custos, a um aumento da produtividade e a uma maior seguran\u00e7a da informa\u00e7\u00e3o.[\/vc_toggle][vc_toggle title=&#8221;O que \u00e9 Cloud Backup?&#8221;]Cloud backup, tamb\u00e9m conhecido como backup na nuvem, \u00e9 uma t\u00e9cnica de armazenamento de dados em que as informa\u00e7\u00f5es s\u00e3o copiadas e armazenadas em servidores remotos, localizados em centros de dados na nuvem. Estes servidores s\u00e3o geridos por fornecedores de servi\u00e7os em nuvem, que garantem a seguran\u00e7a, redund\u00e2ncia e disponibilidade dos dados.[\/vc_toggle][vc_toggle title=&#8221;Que tipo de tempos de resposta posso esperar?&#8221;]Trabalhamos com cada cliente para estabelecer expectativas espec\u00edficas. Os nossos n\u00edveis mensur\u00e1veis de servi\u00e7o focam-se num suporte e diagn\u00f3stico muito c\u00e9lere uma vez que a monitoriza\u00e7\u00e3o e preven\u00e7\u00e3o nos permite antecipar\u00a0 e acelerar o processo de resolu\u00e7\u00e3o.[\/vc_toggle][vc_toggle title=&#8221;Qual \u00e9 a dura\u00e7\u00e3o de um contrato de Servi\u00e7os de Gest\u00e3o de TI?&#8221;]<\/p>\n<div class=\"panel-heading\">\n<div class=\"fusion-toggle-heading\">\n<div class=\"panel-body toggle-content post-content\">\n<p>Os contratos de Servi\u00e7os Geridos de TI t\u00eam a dura\u00e7\u00e3o m\u00ednima de 12 meses. Alguns contratos podem ser de pagamento mensal ou anual, com, ou sem setup inicial, dependendo do levantamento de necessidades efetuado.<\/p>\n<\/div>\n<\/div>\n<\/div>\n<p>[\/vc_toggle][\/vc_column_inner][vc_column_inner width=&#8221;1\/2&#8243;][vc_toggle title=&#8221;O que devo fazer antes de solicitar apoio?&#8221;]Sempre que poss\u00edvel, anote o m\u00e1ximo de informa\u00e7\u00e3o sobre mensagens de erro e tire capturas de ecr\u00e3 do problema. Em seguida, contacte-nos por forma a podermos apoiar na resolu\u00e7\u00e3o.[\/vc_toggle][vc_toggle title=&#8221;Qual o custo dos servi\u00e7os de Gest\u00e3o de TI?&#8221;]O nosso modelo de servi\u00e7o utiliza uma valor mensal fixo, que \u00e9 baseado na dimens\u00e3o e complexidade da sua rede espec\u00edfica. A contrata\u00e7\u00e3o destes servi\u00e7os TI pressup\u00f5em a manuten\u00e7\u00e3o, monitoriza\u00e7\u00e3o e suporte de todos os dispositivos ativos da sua rede, proporcionando-lhe tranquilidade e a capacidade de prever com precis\u00e3o os custos de manuten\u00e7\u00e3o da sua infraestrutura.[\/vc_toggle][vc_toggle title=&#8221;E se j\u00e1 tiver um departamento de TI interno?&#8221;]Oferecemos solu\u00e7\u00f5es escal\u00e1veis e complementares que podem ser adaptadas \u00e0 sua realidade espec\u00edfica. Seja qual for a sua necessidade, seja um pacote completo de servi\u00e7os gerenciados de TI e consultoria, solu\u00e7\u00f5es de seguran\u00e7a ou suporte de servi\u00e7o de help desk, a Pegasi torna tudo simples com um plano de servi\u00e7o de taxa fixa acess\u00edvel e personalizado.[\/vc_toggle][vc_toggle title=&#8221;Como poupo com um valor fixo mensal?&#8221;]A fatura\u00e7\u00e3o com mensalidade fixa d\u00e1-lhe a capacidade de planear as suas despesas de TI para que possa concentrar-se melhor nos objetivos principais do seu neg\u00f3cio. Personalizamos cada plano de servi\u00e7os de acordo com as necessidades, para que pague apenas pelo que precisa. A Pegasi serve como o seu &#8220;balc\u00e3o \u00fanico&#8221; para todas as suas necessidades de servi\u00e7os geridos de TI. E fazemos tudo isso por um custo mensal fixo.[\/vc_toggle][vc_toggle title=&#8221;Que tipos de sistemas est\u00e3o abrangidos no suporte?&#8221;]Orgulhamo-nos de ser &#8220;ecossistema agn\u00f3stico&#8221;: seja se utiliza o Google Apps ou o Office365, Windows ou Mac, Android ou iOS. Precisa de instalar um servidor no local ou hospedar um virtualmente na Amazon ou Azure? N\u00f3s suportamos na implementa\u00e7\u00e3o e manuten\u00e7\u00e3o. Precisa de fazer a transi\u00e7\u00e3o de um ecossistema para outro? A Pegasi prima pela transversalidade de servi\u00e7os que garantam a melhor integra\u00e7\u00e3o e suporte.[\/vc_toggle][\/vc_column_inner][\/vc_row_inner][vc_empty_space height=&#8221;30px&#8221;][vc_column_text]<\/p>\n<p style=\"text-align: center;\">Necessita de suporte pontual? <a class=\"dot\" href=\"https:\/\/startcontrol.com\/direct_link.php?Lang=pt&amp;ucode=pegasi\" target=\"_blank\" rel=\"noopener\">Download<\/a><\/p>\n<p>[\/vc_column_text][\/vc_column][\/vc_row]<\/p>\n<\/section>","protected":false},"excerpt":{"rendered":"<p>[vc_section css=&#8221;.vc_custom_1575626238005{background: #000000 url(https:\/\/beta.pegasinet.com\/pt\/wp-content\/uploads\/2018\/08\/pattern.svg?id=895) !important;}&#8221;][vc_row css=&#8221;.vc_custom_1575626246128{padding-top: 80px !important;padding-bottom: 80px !important;background-color: rgba(130,181,65,0.94) !important;*background-color: rgb(130,181,65) !important;}&#8221;][vc_column width=&#8221;1\/6&#8243;][\/vc_column][vc_column width=&#8221;2\/3&#8243;][vc_icon type=&#8221;entypo&#8221; icon_entypo=&#8221;entypo-icon entypo-icon-chat&#8221; color=&#8221;white&#8221; size=&#8221;xl&#8221; align=&#8221;center&#8221;][vc_row_inner][vc_column_inner width=&#8221;1\/6&#8243;][\/vc_column_inner][vc_column_inner width=&#8221;2\/3&#8243;][vc_custom_heading text=&#8221;NECESSITA DE SUPORTE PONTUAL?&#8221; font_container=&#8221;tag:h1|text_align:center|color:%23ffffff&#8221; use_theme_fonts=&#8221;yes&#8221; el_class=&#8221;text-shadow&#8221;][vc_empty_space height=&#8221;10px&#8221;][vc_custom_heading text=&#8221;Se procura apoio pontual n\u00e3o hesite em contactar. Analisaremos de imediato as suas necessidades.&#8221; font_container=&#8221;tag:div|text_align:center|color:rgba(255%2C255%2C255%2C0.9)&#8221; use_theme_fonts=&#8221;yes&#8221;][\/vc_column_inner][vc_column_inner width=&#8221;1\/6&#8243;][\/vc_column_inner][\/vc_row_inner][vc_empty_space height=&#8221;40px&#8221;][vc_wp_search el_class=&#8221;faq&#8221;][vc_empty_space height=&#8221;30px&#8221;][vc_custom_heading text=&#8221;Ligue para o [&hellip;]<\/p>\n","protected":false},"author":1,"featured_media":0,"parent":0,"menu_order":0,"comment_status":"closed","ping_status":"closed","template":"tmpl\/template-fullwidth.php","meta":{"footnotes":""},"class_list":["post-697","page","type-page","status-publish","hentry"],"acf":[],"_links":{"self":[{"href":"https:\/\/www.pegasi.pt\/pt\/wp-json\/wp\/v2\/pages\/697","targetHints":{"allow":["GET"]}}],"collection":[{"href":"https:\/\/www.pegasi.pt\/pt\/wp-json\/wp\/v2\/pages"}],"about":[{"href":"https:\/\/www.pegasi.pt\/pt\/wp-json\/wp\/v2\/types\/page"}],"author":[{"embeddable":true,"href":"https:\/\/www.pegasi.pt\/pt\/wp-json\/wp\/v2\/users\/1"}],"replies":[{"embeddable":true,"href":"https:\/\/www.pegasi.pt\/pt\/wp-json\/wp\/v2\/comments?post=697"}],"version-history":[{"count":21,"href":"https:\/\/www.pegasi.pt\/pt\/wp-json\/wp\/v2\/pages\/697\/revisions"}],"predecessor-version":[{"id":2658,"href":"https:\/\/www.pegasi.pt\/pt\/wp-json\/wp\/v2\/pages\/697\/revisions\/2658"}],"wp:attachment":[{"href":"https:\/\/www.pegasi.pt\/pt\/wp-json\/wp\/v2\/media?parent=697"}],"curies":[{"name":"wp","href":"https:\/\/api.w.org\/{rel}","templated":true}]}}