{"id":715,"date":"2018-08-08T10:08:59","date_gmt":"2018-08-08T10:08:59","guid":{"rendered":"https:\/\/beta.pegasinet.com\/pt\/?page_id=715"},"modified":"2026-03-31T21:51:09","modified_gmt":"2026-03-31T21:51:09","slug":"hosting","status":"publish","type":"page","link":"https:\/\/www.pegasi.pt\/pt\/servicos\/hosting\/","title":{"rendered":"Hosting"},"content":{"rendered":"<section class=\"wpb-content-wrapper\"><p>[vc_row][vc_column offset=&#8221;vc_hidden-sm vc_hidden-xs&#8221;][\/vc_column][\/vc_row][vc_section css_animation=&#8221;none&#8221; css=&#8221;.vc_custom_1575627032846{padding-bottom: 80px !important;}&#8221; el_id=&#8221;overview&#8221;][vc_row gap=&#8221;30&#8243; css=&#8221;.vc_custom_1575627036895{margin-right: -15px !important;margin-left: -15px !important;padding-top: 50px !important;}&#8221;][vc_column width=&#8221;1\/2&#8243;][vc_custom_heading text=&#8221;SOLU\u00c7\u00d5ES ALOJAMENTO WEB&#8221; use_theme_fonts=&#8221;yes&#8221;][vc_empty_space height=&#8221;35px&#8221;][vc_column_text]Procura alojar o seu site ou aplica\u00e7\u00e3o? Seja na Cloud ou On-prem a Pegasi instala, configura e gere toda a infraestrutura para que s\u00f3 tenha de preocupar-se com o que realmente precisa: o seu neg\u00f3cio.<\/p>\n<p>Desenhamos solu\u00e7\u00f5es de alojamento \u00e0 medida, otimizadas nas mais diversas tecnologias e ambientes para dar resposta aos requisitos de cada projeto utilizando as \u00faltimas tend\u00eancias tecnol\u00f3gicas.<\/p>\n<p>Trabalhamos com os mais importantes <em>providers<\/em> \/ <em>datacenters<\/em> nacionais e internacionais como AWS, Azure, Equinix, OVH ou Scaleway.<\/p>\n<p>Avaliamos as suas necessidades, desenhamos e implementamos arquitecturas que v\u00e3o de encontro aos requisitos de redund\u00e2ncia, escalabilidade e disponibilidade.[\/vc_column_text][vc_empty_space height=&#8221;40px&#8221;][vc_column_text]<a class=\"_ps2id button no-bg\" href=\"\/pt\/contacto\/\" data-ps2id-offset=\"\">Exponha o seu caso e pe\u00e7a-nos um or\u00e7amento<\/a>[\/vc_column_text][vc_empty_space height=&#8221;20px&#8221;][\/vc_column][vc_column width=&#8221;1\/2&#8243;]<ul class=\"iconlist iconlist iconlist-icon-mini \"><li><div ><div class=\"iconlist-item-icon\"><i class=\"entypo-icon entypo-icon-cd\"><\/i><\/div><div class=\"iconlist-item-content\"><h4>Performance<\/h4><p>Redes de distribui\u00e7\u00e3o de conte\u00fados, mecanismos de <em>cache<\/em> ou proximidade geogr\u00e1fica s\u00e3o alguns fatores determinantes.<\/div><\/div><\/li><li><div ><div class=\"iconlist-item-icon\"><i class=\"entypo-icon entypo-icon-cd\"><\/i><\/div><div class=\"iconlist-item-content\"><h4>Escalabilidade<\/h4><p>Trabalhamos com modelos e redes escal\u00e1veis. A escalabilidade de uma infraestrutura \u00e9 fundamental para garantir a continuidade do crescimento do seu neg\u00f3cio.<\/div><\/div><\/li><li><div ><div class=\"iconlist-item-icon\"><i class=\"entypo-icon entypo-icon-cd\"><\/i><\/div><div class=\"iconlist-item-content\"><h4>Redund\u00e2ncia<\/h4><p>A redund\u00e2ncia tem um papel crucial em sistemas cr\u00edticos, n\u00e3o s\u00f3 para garantir a continuidade do servi\u00e7o mas tamb\u00e9m a integridade dos dados.<\/div><\/div><\/li><li><div ><div class=\"iconlist-item-icon\"><i class=\"entypo-icon entypo-icon-cd\"><\/i><\/div><div class=\"iconlist-item-content\"><h4>Seguran\u00e7a<\/h4><p>Atualiza\u00e7\u00e3o de sistemas, monitoriza\u00e7\u00e3o constante e auditoria de registos s\u00e3o algumas das tarefas de gest\u00e3o das nossas infraestruturas.<\/div><\/div><\/li><\/ul>[vc_empty_space height=&#8221;30px&#8221;][\/vc_column][\/vc_row][vc_row css=&#8221;.vc_custom_1575627041884{margin-right: 10px !important;margin-left: 10px !important;}&#8221;][vc_column width=&#8221;1\/5&#8243; offset=&#8221;vc_col-xs-6&#8243; css=&#8221;.vc_custom_1554171868193{padding-right: 5px !important;padding-left: 5px !important;}&#8221;]<div class=\"counter aligncenter shadow  vc_custom_1774993715349\"> <div class=\"counter-detail\">\n\t\t<h3 class=\"counter-content\">\n\t\t\t<span class=\"counter-prefix\">+<\/span><span class=\"counter-value\" data-from=\"0\" data-to=\"425\" data-speed=\"1000\">0<\/span><span class=\"counter-suffix\"><\/span>\n\t\t<\/h3>\n\t<div class=\"counter-title\">Clientes<\/div><\/div><\/div>[vc_empty_space height=&#8221;10px&#8221;][\/vc_column][vc_column width=&#8221;1\/5&#8243; offset=&#8221;vc_col-xs-6&#8243; css=&#8221;.vc_custom_1554171873037{padding-right: 5px !important;padding-left: 5px !important;}&#8221;]<div class=\"counter aligncenter shadow  vc_custom_1774993729888\"> <div class=\"counter-detail\">\n\t\t<h3 class=\"counter-content\">\n\t\t\t<span class=\"counter-prefix\"><\/span><span class=\"counter-value\" data-from=\"0\" data-to=\"250\" data-speed=\"1000\">0<\/span><span class=\"counter-suffix\">TB<\/span>\n\t\t<\/h3>\n\t<div class=\"counter-title\">Tr\u00e1fego Mensal<\/div><\/div><\/div>[vc_empty_space height=&#8221;10px&#8221;][\/vc_column][vc_column width=&#8221;1\/5&#8243; offset=&#8221;vc_col-xs-6&#8243; css=&#8221;.vc_custom_1554171878745{padding-right: 5px !important;padding-left: 5px !important;}&#8221;]<div class=\"counter aligncenter shadow  vc_custom_1774993765050\"> <div class=\"counter-detail\">\n\t\t<h3 class=\"counter-content\">\n\t\t\t<span class=\"counter-prefix\">+<\/span><span class=\"counter-value\" data-from=\"0\" data-to=\"25\" data-speed=\"1000\">0<\/span><span class=\"counter-suffix\"><\/span>\n\t\t<\/h3>\n\t<div class=\"counter-title\">Solu\u00e7\u00f5es \u00e0 Medida<\/div><\/div><\/div>[vc_empty_space height=&#8221;10px&#8221;][\/vc_column][vc_column width=&#8221;1\/5&#8243; offset=&#8221;vc_col-xs-6&#8243; css=&#8221;.vc_custom_1554171883772{padding-right: 5px !important;padding-left: 5px !important;}&#8221;]<div class=\"counter aligncenter shadow  vc_custom_1774993828633\"> <div class=\"counter-detail\">\n\t\t<h3 class=\"counter-content\">\n\t\t\t<span class=\"counter-prefix\"><\/span><span class=\"counter-value\" data-from=\"0\" data-to=\"365\" data-speed=\"1000\">0<\/span><span class=\"counter-suffix\">d<\/span>\n\t\t<\/h3>\n\t<div class=\"counter-title\">Suporte<\/div><\/div><\/div>[vc_empty_space height=&#8221;10px&#8221;][\/vc_column][vc_column width=&#8221;1\/5&#8243; offset=&#8221;vc_col-xs-12&#8243; css=&#8221;.vc_custom_1554171889438{padding-right: 5px !important;padding-left: 5px !important;}&#8221;]<div class=\"counter aligncenter shadow  vc_custom_1678469571171\"> <div class=\"counter-detail\">\n\t\t<h3 class=\"counter-content\">\n\t\t\t<span class=\"counter-prefix\"><\/span><span class=\"counter-value\" data-from=\"0\" data-to=\"100\" data-speed=\"1000\">0<\/span><span class=\"counter-suffix\">%<\/span>\n\t\t<\/h3>\n\t<div class=\"counter-title\">Clientes Satisfeitos<\/div><\/div><\/div>[vc_empty_space height=&#8221;10px&#8221;][\/vc_column][\/vc_row][vc_row][vc_column][vc_empty_space height=&#8221;40px&#8221;][vc_column_text]<\/p>\n<p style=\"text-align: center; font-size: 15px;\">A nossa equipa pode ajud\u00e1-lo. <a class=\"dot\" href=\"\/pt\/contacto\/\">Contacte-nos<\/a><\/p>\n<p>[\/vc_column_text][\/vc_column][\/vc_row][\/vc_section][vc_section css_animation=&#8221;none&#8221; css=&#8221;.vc_custom_1575627051214{padding-top: 80px !important;padding-bottom: 30px !important;background-color: #ffffff !important;}&#8221; el_id=&#8221;solutions&#8221;][vc_row][vc_column width=&#8221;1\/4&#8243;][\/vc_column][vc_column width=&#8221;1\/2&#8243;][vc_custom_heading text=&#8221;ESPECIALISTAS EM:&#8221; font_container=&#8221;tag:h6|font_size:10px|text_align:center&#8221; use_theme_fonts=&#8221;yes&#8221; el_class=&#8221;style1&#8243;][vc_empty_space height=&#8221;6px&#8221;][vc_custom_heading text=&#8221;SERVI\u00c7OS DE ALOJAMENTO&#8221; font_container=&#8221;tag:h2|text_align:center&#8221; use_theme_fonts=&#8221;yes&#8221;][vc_empty_space height=&#8221;60px&#8221;][\/vc_column][vc_column width=&#8221;1\/4&#8243;][\/vc_column][\/vc_row][vc_row][vc_column]<ul class=\"iconlist iconlist iconlist-icon-small columns-3 gap-50\"><li><div ><div class=\"iconlist-item-icon\"><i class=\"icon-genius\"><\/i><\/div><div class=\"iconlist-item-content\"><h4>Hosting<\/h4><p>Alojamento dedicado ou partilhado? Na Cloud ou On-prem? Que recursos precisamos? Somos especialistas em alojamento Web, podemos responder a essas perguntas.<\/div><\/div><\/li><li><div ><div class=\"iconlist-item-icon\"><i class=\"icon-mobile\"><\/i><\/div><div class=\"iconlist-item-content\"><h4>Email<\/h4><p>Especialistas em M365, Google Workspace e sistemas dedicados. Aconselhamos qual a melhor op\u00e7\u00e3o ou resolvemos os problemas que tenha com o seu sistema de email.<\/div><\/div><\/li><li><div ><div class=\"iconlist-item-icon\"><i class=\"icon-adjustments\"><\/i><\/div><div class=\"iconlist-item-content\"><h4>Dom\u00ednios<\/h4><p>Registamos e gerimos todos os TLD dispon\u00edveis bem como disponibilizamos um sistema de DNS com redund\u00e2ncia geogr\u00e1fica e baixa lat\u00eancia.<\/div><\/div><\/li><li><div ><div class=\"iconlist-item-icon\"><i class=\"icon-laptop\"><\/i><\/div><div class=\"iconlist-item-content\"><h4>Certificado SSL<\/h4><p>A seguran\u00e7a \u00e9 prioridade. Sugerimos e instalamos o certificado SSL indicado para o seu neg\u00f3cio, cumprindo as melhores pr\u00e1ticas.<\/div><\/div><\/li><li><div ><div class=\"iconlist-item-icon\"><i class=\"icon-puzzle\"><\/i><\/div><div class=\"iconlist-item-content\"><h4>Compatibilidade<\/h4><p>Os nossos sitemas est\u00e3o otimizados para as plataformas mais populares como WordPress, Magento ou Drupal. Pergunte-nos se o seu site \u00e9 suportado.<\/div><\/div><\/li><li><div ><div class=\"iconlist-item-icon\"><i class=\"icon-layers\"><\/i><\/div><div class=\"iconlist-item-content\"><h4>Seguran\u00e7a<\/h4><p>Como servi\u00e7o complementar fazemos auditorias de seguran\u00e7a a sistemas e aplica\u00e7\u00f5es externas, que geram relat\u00f3rios com as falhas encontradas e sugest\u00f5es de corre\u00e7\u00f5es.<\/div><\/div><\/li><\/ul>[\/vc_column][\/vc_row][\/vc_section]<\/p>\n<\/section>","protected":false},"excerpt":{"rendered":"<p>[vc_row][vc_column offset=&#8221;vc_hidden-sm vc_hidden-xs&#8221;][\/vc_column][\/vc_row][vc_section css_animation=&#8221;none&#8221; css=&#8221;.vc_custom_1575627032846{padding-bottom: 80px !important;}&#8221; el_id=&#8221;overview&#8221;][vc_row gap=&#8221;30&#8243; css=&#8221;.vc_custom_1575627036895{margin-right: -15px !important;margin-left: -15px !important;padding-top: 50px !important;}&#8221;][vc_column width=&#8221;1\/2&#8243;][vc_custom_heading text=&#8221;SOLU\u00c7\u00d5ES ALOJAMENTO WEB&#8221; use_theme_fonts=&#8221;yes&#8221;][vc_empty_space height=&#8221;35px&#8221;][vc_column_text]Procura alojar o seu site ou aplica\u00e7\u00e3o? Seja na Cloud ou On-prem a Pegasi instala, configura e gere toda a infraestrutura para que s\u00f3 tenha de preocupar-se com o que realmente precisa: o seu [&hellip;]<\/p>\n","protected":false},"author":1,"featured_media":2544,"parent":707,"menu_order":0,"comment_status":"closed","ping_status":"closed","template":"tmpl\/template-fullwidth.php","meta":{"footnotes":""},"class_list":["post-715","page","type-page","status-publish","has-post-thumbnail","hentry"],"acf":[],"_links":{"self":[{"href":"https:\/\/www.pegasi.pt\/pt\/wp-json\/wp\/v2\/pages\/715","targetHints":{"allow":["GET"]}}],"collection":[{"href":"https:\/\/www.pegasi.pt\/pt\/wp-json\/wp\/v2\/pages"}],"about":[{"href":"https:\/\/www.pegasi.pt\/pt\/wp-json\/wp\/v2\/types\/page"}],"author":[{"embeddable":true,"href":"https:\/\/www.pegasi.pt\/pt\/wp-json\/wp\/v2\/users\/1"}],"replies":[{"embeddable":true,"href":"https:\/\/www.pegasi.pt\/pt\/wp-json\/wp\/v2\/comments?post=715"}],"version-history":[{"count":18,"href":"https:\/\/www.pegasi.pt\/pt\/wp-json\/wp\/v2\/pages\/715\/revisions"}],"predecessor-version":[{"id":2823,"href":"https:\/\/www.pegasi.pt\/pt\/wp-json\/wp\/v2\/pages\/715\/revisions\/2823"}],"up":[{"embeddable":true,"href":"https:\/\/www.pegasi.pt\/pt\/wp-json\/wp\/v2\/pages\/707"}],"wp:featuredmedia":[{"embeddable":true,"href":"https:\/\/www.pegasi.pt\/pt\/wp-json\/wp\/v2\/media\/2544"}],"wp:attachment":[{"href":"https:\/\/www.pegasi.pt\/pt\/wp-json\/wp\/v2\/media?parent=715"}],"curies":[{"name":"wp","href":"https:\/\/api.w.org\/{rel}","templated":true}]}}